{"id":3226,"date":"2024-05-14T10:48:13","date_gmt":"2024-05-14T10:48:13","guid":{"rendered":"https:\/\/www.liro.tech\/?page_id=3226"},"modified":"2024-05-14T10:52:17","modified_gmt":"2024-05-14T10:52:17","slug":"hmpe-mooring-ropes","status":"publish","type":"page","link":"https:\/\/www.liro.tech\/de\/hmpe-mooring-ropes\/","title":{"rendered":"HMPE Festmacher"},"content":{"rendered":"<div data-elementor-type=\"wp-page\" data-elementor-id=\"3226\" class=\"elementor elementor-3226\">\n\t\t\t\t\t\t<section class=\"elementor-section elementor-top-section elementor-element elementor-element-75b3b18 elementor-section-stretched elementor-section-height-min-height elementor-hidden-mobile elementor-section-boxed elementor-section-height-default elementor-section-items-middle\" data-id=\"75b3b18\" data-element_type=\"section\" data-e-type=\"section\" data-settings=\"{&quot;stretch_section&quot;:&quot;section-stretched&quot;,&quot;background_background&quot;:&quot;classic&quot;}\">\n\t\t\t\t\t\t<div class=\"elementor-container elementor-column-gap-wider\">\n\t\t\t\t\t<div class=\"elementor-column elementor-col-100 elementor-top-column elementor-element elementor-element-c9f4015\" data-id=\"c9f4015\" data-element_type=\"column\" data-e-type=\"column\">\n\t\t\t<div class=\"elementor-widget-wrap elementor-element-populated\">\n\t\t\t\t\t\t<section class=\"elementor-section elementor-inner-section elementor-element elementor-element-db19d0c elementor-section-boxed elementor-section-height-default elementor-section-height-default\" data-id=\"db19d0c\" data-element_type=\"section\" data-e-type=\"section\">\n\t\t\t\t\t\t<div class=\"elementor-container elementor-column-gap-default\">\n\t\t\t\t\t<div class=\"elementor-column elementor-col-100 elementor-inner-column elementor-element elementor-element-8db23f3\" data-id=\"8db23f3\" data-element_type=\"column\" data-e-type=\"column\" data-settings=\"{&quot;background_background&quot;:&quot;classic&quot;}\">\n\t\t\t<div class=\"elementor-widget-wrap\">\n\t\t\t\t\t\t\t<\/div>\n\t\t<\/div>\n\t\t\t\t\t<\/div>\n\t\t<\/section>\n\t\t\t\t\t<\/div>\n\t\t<\/div>\n\t\t\t\t\t<\/div>\n\t\t<\/section>\n\t\t\t\t<section class=\"elementor-section elementor-top-section elementor-element elementor-element-1e03198 elementor-section-boxed elementor-section-height-default elementor-section-height-default\" data-id=\"1e03198\" data-element_type=\"section\" data-e-type=\"section\">\n\t\t\t\t\t\t<div class=\"elementor-container elementor-column-gap-default\">\n\t\t\t\t\t<div class=\"elementor-column elementor-col-100 elementor-top-column elementor-element elementor-element-83e39f8\" data-id=\"83e39f8\" data-element_type=\"column\" data-e-type=\"column\">\n\t\t\t<div class=\"elementor-widget-wrap elementor-element-populated\">\n\t\t\t\t\t\t<div class=\"elementor-element elementor-element-8f1353b elementor-widget elementor-widget-spacer\" data-id=\"8f1353b\" data-element_type=\"widget\" data-e-type=\"widget\" data-widget_type=\"spacer.default\">\n\t\t\t\t<div class=\"elementor-widget-container\">\n\t\t\t\t\t\t\t<div class=\"elementor-spacer\">\n\t\t\t<div class=\"elementor-spacer-inner\"><\/div>\n\t\t<\/div>\n\t\t\t\t\t\t<\/div>\n\t\t\t\t<\/div>\n\t\t\t\t<div class=\"elementor-element elementor-element-c72bbb2 elementor-widget elementor-widget-text-editor\" data-id=\"c72bbb2\" data-element_type=\"widget\" data-e-type=\"widget\" data-widget_type=\"text-editor.default\">\n\t\t\t\t<div class=\"elementor-widget-container\">\n\t\t\t\t\t\t\t\t\t<h1><span style=\"color: black; font-weight: bold; letter-spacing: 0px;\">HMPE Festmacher<\/span><\/h1>\t\t\t\t\t\t\t\t<\/div>\n\t\t\t\t<\/div>\n\t\t\t\t<section class=\"elementor-section elementor-inner-section elementor-element elementor-element-f45e453 elementor-section-content-middle elementor-section-boxed elementor-section-height-default elementor-section-height-default\" data-id=\"f45e453\" data-element_type=\"section\" data-e-type=\"section\">\n\t\t\t\t\t\t<div class=\"elementor-container elementor-column-gap-default\">\n\t\t\t\t\t<div class=\"elementor-column elementor-col-50 elementor-inner-column elementor-element elementor-element-037de61\" data-id=\"037de61\" data-element_type=\"column\" data-e-type=\"column\">\n\t\t\t<div class=\"elementor-widget-wrap elementor-element-populated\">\n\t\t\t\t\t\t<div class=\"elementor-element elementor-element-c3170d5 elementor-widget elementor-widget-text-editor\" data-id=\"c3170d5\" data-element_type=\"widget\" data-e-type=\"widget\" data-widget_type=\"text-editor.default\">\n\t\t\t\t<div class=\"elementor-widget-container\">\n\t\t\t\t\t\t\t\t\t<div class=\"heading_flex\"><div class=\"piktogram_list_small\">Das robusteste Seil auf dem Markt . Es ist extrem dehnbar. Es ersetzt Stahlseile, ist viel sicherer als Stahlseile, leicht zu splei\u00dfen, flexibel und angenehm zu handhaben . Das HMPE-Seil ist eines der st\u00e4rksten, haltbarsten und innovativsten Seile auf dem aktuellen Markt. HMPE-Seile sind mit einer dauerhaften Beschichtung impr\u00e4gniert, die den Abrieb verringert und die Lebensdauer verl\u00e4ngert. Die au\u00dfergew\u00f6hnlichen Eigenschaften und extreme Festigkeit von HMPE-Seilen sind der Grund daf\u00fcr, dass sie h\u00e4ufig als Ersatz f\u00fcr Stahlseile verwendet werden. HMPE-Seile werden einer speziellen Behandlung zur Best\u00e4ndigkeit gegen Hitze und UV-Strahlung unterzogen. Sie haben einen extrem niedrigen Reibungskoeffizienten und senken die Betriebskosten erheblich. Dar\u00fcber hinaus bieten sie im Vergleich zu herk\u00f6mmlichen Stahlseilen eine wesentlich sicherere L\u00f6sung f\u00fcr die Handhabung.<\/div><\/div><div class=\"hide_resp\">\u00a0<\/div><div class=\"detail_parameters\"><div class=\"param_table\"><div class=\"row\"><div class=\"left\"><strong>Schwimmf\u00e4hig:\u00a0<\/strong>Ja<\/div><\/div><div class=\"row\"><div class=\"left\"><strong>Anzahl der Litzen:\u00a0<\/strong>8- und 12-litzig<\/div><\/div><div class=\"row\"><div class=\"left\"><strong>Material:\u00a0<\/strong>hochfestes HMPE<\/div><\/div><\/div><\/div>\t\t\t\t\t\t\t\t<\/div>\n\t\t\t\t<\/div>\n\t\t\t\t<div class=\"elementor-element elementor-element-8187090 elementor-align-center elementor-widget elementor-widget-button\" data-id=\"8187090\" data-element_type=\"widget\" data-e-type=\"widget\" data-widget_type=\"button.default\">\n\t\t\t\t<div class=\"elementor-widget-container\">\n\t\t\t\t\t\t\t\t\t<div class=\"elementor-button-wrapper\">\n\t\t\t\t\t<a class=\"elementor-button elementor-button-link elementor-size-md\" href=\"mailto:mail@liro.tech\">\n\t\t\t\t\t\t<span class=\"elementor-button-content-wrapper\">\n\t\t\t\t\t\t\t\t\t<span class=\"elementor-button-text\">Anfrage senden<\/span>\n\t\t\t\t\t<\/span>\n\t\t\t\t\t<\/a>\n\t\t\t\t<\/div>\n\t\t\t\t\t\t\t\t<\/div>\n\t\t\t\t<\/div>\n\t\t\t\t\t<\/div>\n\t\t<\/div>\n\t\t\t\t<div class=\"elementor-column elementor-col-50 elementor-inner-column elementor-element elementor-element-08b7a4c\" data-id=\"08b7a4c\" data-element_type=\"column\" data-e-type=\"column\">\n\t\t\t<div class=\"elementor-widget-wrap elementor-element-populated\">\n\t\t\t\t\t\t<div class=\"elementor-element elementor-element-98cacac elementor-widget elementor-widget-image\" data-id=\"98cacac\" data-element_type=\"widget\" data-e-type=\"widget\" data-widget_type=\"image.default\">\n\t\t\t\t<div class=\"elementor-widget-container\">\n\t\t\t\t\t\t\t\t\t\t\t\t\t\t\t<img fetchpriority=\"high\" decoding=\"async\" width=\"625\" height=\"417\" src=\"https:\/\/www.liro.tech\/wp-content\/uploads\/2024\/05\/HMPE.jpg\" class=\"attachment-large size-large wp-image-3219\" alt=\"\" srcset=\"https:\/\/www.liro.tech\/wp-content\/uploads\/2024\/05\/HMPE.jpg 625w, https:\/\/www.liro.tech\/wp-content\/uploads\/2024\/05\/HMPE-300x200.jpg 300w, https:\/\/www.liro.tech\/wp-content\/uploads\/2024\/05\/HMPE-18x12.jpg 18w, https:\/\/www.liro.tech\/wp-content\/uploads\/2024\/05\/HMPE-219x146.jpg 219w, https:\/\/www.liro.tech\/wp-content\/uploads\/2024\/05\/HMPE-50x33.jpg 50w, https:\/\/www.liro.tech\/wp-content\/uploads\/2024\/05\/HMPE-112x75.jpg 112w\" sizes=\"(max-width: 625px) 100vw, 625px\" \/>\t\t\t\t\t\t\t\t\t\t\t\t\t\t\t<\/div>\n\t\t\t\t<\/div>\n\t\t\t\t\t<\/div>\n\t\t<\/div>\n\t\t\t\t\t<\/div>\n\t\t<\/section>\n\t\t\t\t<div class=\"elementor-element elementor-element-cbf2c35 elementor-widget elementor-widget-spacer\" data-id=\"cbf2c35\" data-element_type=\"widget\" data-e-type=\"widget\" data-widget_type=\"spacer.default\">\n\t\t\t\t<div class=\"elementor-widget-container\">\n\t\t\t\t\t\t\t<div class=\"elementor-spacer\">\n\t\t\t<div class=\"elementor-spacer-inner\"><\/div>\n\t\t<\/div>\n\t\t\t\t\t\t<\/div>\n\t\t\t\t<\/div>\n\t\t\t\t<div class=\"elementor-element elementor-element-6ce2657 elementor-widget elementor-widget-text-editor\" data-id=\"6ce2657\" data-element_type=\"widget\" data-e-type=\"widget\" data-widget_type=\"text-editor.default\">\n\t\t\t\t<div class=\"elementor-widget-container\">\n\t\t\t\t\t\t\t\t\t<p><strong>ANTISTATISCHE SCHICHT<\/strong>. HMPE-Seile mit einer verbesserten  antistatischen Oberfl\u00e4chenbeschichtung sind auf Anfrage erh\u00e4ltlich. Diese spezielle Beschichtung ist wasserabweisend und ihre Anwendung reduziert deutlich die statische Elektrizit\u00e4t, die sich auf der Oberfl\u00e4che der HMPE-Seile entsteht.<\/p><p><strong>TECHNISCHE PARAMETER<\/strong><br \/><strong>Material:\u00a0<\/strong>hochfestes HMPE<br \/><strong>Spezifisches Gewicht<\/strong>: 0.97 kg\/dm3 (floats)<br \/><strong>UV-Best\u00e4ndigkeit:<\/strong>: ausgezeichnet<br \/><strong>Abriebfestigkeit:<\/strong>: ausgezeichnet<br \/><strong>S\u00e4urebest\u00e4ndigkeit<\/strong>: ausgezeichnet<br \/><strong>Alkalibest\u00e4ndigkeit<\/strong>: ausgezeichnet<br \/><strong>Chemikalienbest\u00e4ndigkeit<\/strong>: ausgezeichnet<br \/><strong>K\u00e4lte- und Frostbest\u00e4ndigkeit<\/strong>: ausgezeichnet<br \/><strong>Wasserbest\u00e4ndigkeit<\/strong>: ausgezeichnet<br \/><strong>Hitzebest\u00e4ndigkeit<\/strong>: gering (schmilzt bei 135-145 \u00baC)<br \/><strong>Dehnbarkeit<\/strong>: gering (\u02c24 % bei Bruch)<br \/><strong>Kriechenverhalten bei 22 \u00baC<\/strong>: gring (0.002% pro\u00a0Tag)<br \/><strong>Antistatische<\/strong>\u00a0<strong>Behandlung<\/strong>: auf Anfrage<\/p>\t\t\t\t\t\t\t\t<\/div>\n\t\t\t\t<\/div>\n\t\t\t\t<div class=\"elementor-element elementor-element-e70d3db elementor-widget elementor-widget-spacer\" data-id=\"e70d3db\" data-element_type=\"widget\" data-e-type=\"widget\" data-widget_type=\"spacer.default\">\n\t\t\t\t<div class=\"elementor-widget-container\">\n\t\t\t\t\t\t\t<div class=\"elementor-spacer\">\n\t\t\t<div class=\"elementor-spacer-inner\"><\/div>\n\t\t<\/div>\n\t\t\t\t\t\t<\/div>\n\t\t\t\t<\/div>\n\t\t\t\t\t<\/div>\n\t\t<\/div>\n\t\t\t\t\t<\/div>\n\t\t<\/section>\n\t\t\t\t<section class=\"elementor-section elementor-top-section elementor-element elementor-element-d561c55 elementor-section-stretched elementor-section-boxed elementor-section-height-default elementor-section-height-default\" data-id=\"d561c55\" data-element_type=\"section\" data-e-type=\"section\" data-settings=\"{&quot;stretch_section&quot;:&quot;section-stretched&quot;,&quot;background_background&quot;:&quot;classic&quot;}\">\n\t\t\t\t\t\t<div class=\"elementor-container elementor-column-gap-wider\">\n\t\t\t\t\t<div class=\"elementor-column elementor-col-100 elementor-top-column elementor-element elementor-element-ccc5c42\" data-id=\"ccc5c42\" data-element_type=\"column\" data-e-type=\"column\">\n\t\t\t<div class=\"elementor-widget-wrap\">\n\t\t\t\t\t\t\t<\/div>\n\t\t<\/div>\n\t\t\t\t\t<\/div>\n\t\t<\/section>\n\t\t\t\t<\/div>","protected":false},"excerpt":{"rendered":"<p>HMPE Mooring Ropes The strongest rope on the market. A replacement for steel rope that is much safer in comparison, is easy to splice, flexible and<span class=\"excerpt-hellip\"> [\u2026]<\/span><\/p>\n","protected":false},"author":3,"featured_media":0,"parent":0,"menu_order":0,"comment_status":"closed","ping_status":"closed","template":"","meta":{"om_disable_all_campaigns":false,"_monsterinsights_skip_tracking":false,"_monsterinsights_sitenote_active":false,"_monsterinsights_sitenote_note":"","_monsterinsights_sitenote_category":0,"_uf_show_specific_survey":0,"_uf_disable_surveys":false,"footnotes":""},"class_list":["post-3226","page","type-page","status-publish","hentry"],"aioseo_notices":[],"_links":{"self":[{"href":"https:\/\/www.liro.tech\/de\/wp-json\/wp\/v2\/pages\/3226","targetHints":{"allow":["GET"]}}],"collection":[{"href":"https:\/\/www.liro.tech\/de\/wp-json\/wp\/v2\/pages"}],"about":[{"href":"https:\/\/www.liro.tech\/de\/wp-json\/wp\/v2\/types\/page"}],"author":[{"embeddable":true,"href":"https:\/\/www.liro.tech\/de\/wp-json\/wp\/v2\/users\/3"}],"replies":[{"embeddable":true,"href":"https:\/\/www.liro.tech\/de\/wp-json\/wp\/v2\/comments?post=3226"}],"version-history":[{"count":4,"href":"https:\/\/www.liro.tech\/de\/wp-json\/wp\/v2\/pages\/3226\/revisions"}],"predecessor-version":[{"id":3231,"href":"https:\/\/www.liro.tech\/de\/wp-json\/wp\/v2\/pages\/3226\/revisions\/3231"}],"wp:attachment":[{"href":"https:\/\/www.liro.tech\/de\/wp-json\/wp\/v2\/media?parent=3226"}],"curies":[{"name":"wp","href":"https:\/\/api.w.org\/{rel}","templated":true}]}}