{"id":596,"date":"2021-12-02T06:26:06","date_gmt":"2021-12-02T06:26:06","guid":{"rendered":"http:\/\/35.158.79.75\/?page_id=596"},"modified":"2022-03-04T10:20:21","modified_gmt":"2022-03-04T10:20:21","slug":"ras-fas-systems","status":"publish","type":"page","link":"https:\/\/www.liro.tech\/de\/ras-fas-systems\/","title":{"rendered":"RAS\/FAS-Systeme"},"content":{"rendered":"<div data-elementor-type=\"wp-page\" data-elementor-id=\"596\" class=\"elementor elementor-596\">\n\t\t\t\t\t\t<section class=\"elementor-section elementor-top-section elementor-element elementor-element-75b3b18 elementor-section-stretched elementor-section-height-min-height elementor-hidden-mobile elementor-section-boxed elementor-section-height-default elementor-section-items-middle\" data-id=\"75b3b18\" data-element_type=\"section\" data-e-type=\"section\" data-settings=\"{&quot;stretch_section&quot;:&quot;section-stretched&quot;,&quot;background_background&quot;:&quot;classic&quot;}\">\n\t\t\t\t\t\t<div class=\"elementor-container elementor-column-gap-wider\">\n\t\t\t\t\t<div class=\"elementor-column elementor-col-100 elementor-top-column elementor-element elementor-element-c9f4015\" data-id=\"c9f4015\" data-element_type=\"column\" data-e-type=\"column\">\n\t\t\t<div class=\"elementor-widget-wrap elementor-element-populated\">\n\t\t\t\t\t\t<section class=\"elementor-section elementor-inner-section elementor-element elementor-element-db19d0c elementor-section-boxed elementor-section-height-default elementor-section-height-default\" data-id=\"db19d0c\" data-element_type=\"section\" data-e-type=\"section\">\n\t\t\t\t\t\t<div class=\"elementor-container elementor-column-gap-default\">\n\t\t\t\t\t<div class=\"elementor-column elementor-col-100 elementor-inner-column elementor-element elementor-element-8db23f3\" data-id=\"8db23f3\" data-element_type=\"column\" data-e-type=\"column\" data-settings=\"{&quot;background_background&quot;:&quot;classic&quot;}\">\n\t\t\t<div class=\"elementor-widget-wrap\">\n\t\t\t\t\t\t\t<\/div>\n\t\t<\/div>\n\t\t\t\t\t<\/div>\n\t\t<\/section>\n\t\t\t\t\t<\/div>\n\t\t<\/div>\n\t\t\t\t\t<\/div>\n\t\t<\/section>\n\t\t\t\t<section class=\"elementor-section elementor-top-section elementor-element elementor-element-f8914bf elementor-section-boxed elementor-section-height-default elementor-section-height-default\" data-id=\"f8914bf\" data-element_type=\"section\" data-e-type=\"section\">\n\t\t\t\t\t\t<div class=\"elementor-container elementor-column-gap-default\">\n\t\t\t\t\t<div class=\"elementor-column elementor-col-100 elementor-top-column elementor-element elementor-element-635108f\" data-id=\"635108f\" data-element_type=\"column\" data-e-type=\"column\">\n\t\t\t<div class=\"elementor-widget-wrap elementor-element-populated\">\n\t\t\t\t\t\t<div class=\"elementor-element elementor-element-fb5cb8f elementor-widget elementor-widget-spacer\" data-id=\"fb5cb8f\" data-element_type=\"widget\" data-e-type=\"widget\" data-widget_type=\"spacer.default\">\n\t\t\t\t<div class=\"elementor-widget-container\">\n\t\t\t\t\t\t\t<div class=\"elementor-spacer\">\n\t\t\t<div class=\"elementor-spacer-inner\"><\/div>\n\t\t<\/div>\n\t\t\t\t\t\t<\/div>\n\t\t\t\t<\/div>\n\t\t\t\t<div class=\"elementor-element elementor-element-c72bbb2 elementor-widget elementor-widget-text-editor\" data-id=\"c72bbb2\" data-element_type=\"widget\" data-e-type=\"widget\" data-widget_type=\"text-editor.default\">\n\t\t\t\t<div class=\"elementor-widget-container\">\n\t\t\t\t\t\t\t\t\t<h1><span style=\"color: black; ; font-weight: bold; letter-spacing: 0px;\">RAS\/FAS-Systeme\u00a0<\/span><\/h1>\t\t\t\t\t\t\t\t<\/div>\n\t\t\t\t<\/div>\n\t\t\t\t\t<\/div>\n\t\t<\/div>\n\t\t\t\t\t<\/div>\n\t\t<\/section>\n\t\t\t\t<section class=\"elementor-section elementor-top-section elementor-element elementor-element-78f1e8e elementor-section-full_width elementor-section-stretched elementor-section-height-default elementor-section-height-default\" data-id=\"78f1e8e\" data-element_type=\"section\" data-e-type=\"section\" data-settings=\"{&quot;stretch_section&quot;:&quot;section-stretched&quot;}\">\n\t\t\t\t\t\t<div class=\"elementor-container elementor-column-gap-default\">\n\t\t\t\t\t<div class=\"elementor-column elementor-col-100 elementor-top-column elementor-element elementor-element-da05048\" data-id=\"da05048\" data-element_type=\"column\" data-e-type=\"column\">\n\t\t\t<div class=\"elementor-widget-wrap elementor-element-populated\">\n\t\t\t\t\t\t<section class=\"elementor-section elementor-inner-section elementor-element elementor-element-2694165 elementor-section-boxed elementor-section-height-default elementor-section-height-default\" data-id=\"2694165\" data-element_type=\"section\" data-e-type=\"section\" data-settings=\"{&quot;background_background&quot;:&quot;classic&quot;}\">\n\t\t\t\t\t\t<div class=\"elementor-container elementor-column-gap-default\">\n\t\t\t\t\t<div class=\"elementor-column elementor-col-100 elementor-inner-column elementor-element elementor-element-c3cf7c6\" data-id=\"c3cf7c6\" data-element_type=\"column\" data-e-type=\"column\">\n\t\t\t<div class=\"elementor-widget-wrap elementor-element-populated\">\n\t\t\t\t\t\t<div class=\"elementor-element elementor-element-b6f2b17 elementor-widget elementor-widget-text-editor\" data-id=\"b6f2b17\" data-element_type=\"widget\" data-e-type=\"widget\" data-widget_type=\"text-editor.default\">\n\t\t\t\t<div class=\"elementor-widget-container\">\n\t\t\t\t\t\t\t\t\t<h5>Wir liefern Ihnen die komplette \u00dcbergabevorrichtung zur Versorgung auf See (RAS &amp; FAS) entsprechend der relevanten NATO Standards.<\/h5>\n<h5>Zu unserem Sortiment geh\u00f6ren:<\/h5><p style=\"text-align:justify;\">\t\t\t\t\t\t\t\t<\/div>\n\t\t\t\t<\/div>\n\t\t\t\t<div class=\"elementor-element elementor-element-ebb57e5 elementor-widget elementor-widget-mfn_info_box\" data-id=\"ebb57e5\" data-element_type=\"widget\" data-e-type=\"widget\" data-widget_type=\"mfn_info_box.default\">\n\t\t\t\t<div class=\"elementor-widget-container\">\n\t\t\t\t\t<div class=\"infobox\" ><div class=\"infobox_wrapper\"><ul><li>Betankungsanschl\u00fcsse<br \/>\n<\/li><li>Schl\u00e4uche<\/li><li>Takelage<br \/>\n<\/li><li>Seilwinden<\/li><li>Masten<\/li><\/ul><span class=\"ib-desc\"><\/span><\/div><\/div>\n\t\t\t\t<\/div>\n\t\t\t\t<\/div>\n\t\t\t\t<div class=\"elementor-element elementor-element-b94647c elementor-widget elementor-widget-spacer\" data-id=\"b94647c\" data-element_type=\"widget\" data-e-type=\"widget\" data-widget_type=\"spacer.default\">\n\t\t\t\t<div class=\"elementor-widget-container\">\n\t\t\t\t\t\t\t<div class=\"elementor-spacer\">\n\t\t\t<div class=\"elementor-spacer-inner\"><\/div>\n\t\t<\/div>\n\t\t\t\t\t\t<\/div>\n\t\t\t\t<\/div>\n\t\t\t\t\t<\/div>\n\t\t<\/div>\n\t\t\t\t\t<\/div>\n\t\t<\/section>\n\t\t\t\t\t<\/div>\n\t\t<\/div>\n\t\t\t\t\t<\/div>\n\t\t<\/section>\n\t\t\t\t<section class=\"elementor-section elementor-top-section elementor-element elementor-element-d197cb6 elementor-section-stretched elementor-section-full_width elementor-section-height-default elementor-section-height-default\" data-id=\"d197cb6\" data-element_type=\"section\" data-e-type=\"section\" data-settings=\"{&quot;stretch_section&quot;:&quot;section-stretched&quot;}\">\n\t\t\t\t\t\t<div class=\"elementor-container elementor-column-gap-wider\">\n\t\t\t\t\t<div class=\"elementor-column elementor-col-100 elementor-top-column elementor-element elementor-element-f4e4059\" data-id=\"f4e4059\" data-element_type=\"column\" data-e-type=\"column\">\n\t\t\t<div class=\"elementor-widget-wrap elementor-element-populated\">\n\t\t\t\t\t\t<section class=\"elementor-section elementor-inner-section elementor-element elementor-element-bfc13f3 elementor-section-content-middle elementor-section-boxed elementor-section-height-default elementor-section-height-default\" data-id=\"bfc13f3\" data-element_type=\"section\" data-e-type=\"section\">\n\t\t\t\t\t\t<div class=\"elementor-container elementor-column-gap-default\">\n\t\t\t\t\t<div class=\"elementor-column elementor-col-50 elementor-inner-column elementor-element elementor-element-3ac9ece\" data-id=\"3ac9ece\" data-element_type=\"column\" data-e-type=\"column\">\n\t\t\t<div class=\"elementor-widget-wrap elementor-element-populated\">\n\t\t\t\t\t\t<div class=\"elementor-element elementor-element-4c82d68 elementor-widget elementor-widget-image\" data-id=\"4c82d68\" data-element_type=\"widget\" data-e-type=\"widget\" data-widget_type=\"image.default\">\n\t\t\t\t<div class=\"elementor-widget-container\">\n\t\t\t\t\t\t\t\t\t\t\t\t\t\t\t<img fetchpriority=\"high\" decoding=\"async\" width=\"1961\" height=\"2560\" src=\"https:\/\/www.liro.tech\/wp-content\/uploads\/2022\/03\/RAS_FAS-System-1-scaled.jpg\" class=\"attachment-full size-full wp-image-2678\" alt=\"\" srcset=\"https:\/\/www.liro.tech\/wp-content\/uploads\/2022\/03\/RAS_FAS-System-1-scaled.jpg 1961w, https:\/\/www.liro.tech\/wp-content\/uploads\/2022\/03\/RAS_FAS-System-1-230x300.jpg 230w, https:\/\/www.liro.tech\/wp-content\/uploads\/2022\/03\/RAS_FAS-System-1-784x1024.jpg 784w, https:\/\/www.liro.tech\/wp-content\/uploads\/2022\/03\/RAS_FAS-System-1-768x1003.jpg 768w, https:\/\/www.liro.tech\/wp-content\/uploads\/2022\/03\/RAS_FAS-System-1-1177x1536.jpg 1177w, https:\/\/www.liro.tech\/wp-content\/uploads\/2022\/03\/RAS_FAS-System-1-1569x2048.jpg 1569w, https:\/\/www.liro.tech\/wp-content\/uploads\/2022\/03\/RAS_FAS-System-1-9x12.jpg 9w, https:\/\/www.liro.tech\/wp-content\/uploads\/2022\/03\/RAS_FAS-System-1-112x146.jpg 112w, https:\/\/www.liro.tech\/wp-content\/uploads\/2022\/03\/RAS_FAS-System-1-38x50.jpg 38w, https:\/\/www.liro.tech\/wp-content\/uploads\/2022\/03\/RAS_FAS-System-1-57x75.jpg 57w\" sizes=\"(max-width: 1961px) 100vw, 1961px\" \/>\t\t\t\t\t\t\t\t\t\t\t\t\t\t\t<\/div>\n\t\t\t\t<\/div>\n\t\t\t\t\t<\/div>\n\t\t<\/div>\n\t\t\t\t<div class=\"elementor-column elementor-col-50 elementor-inner-column elementor-element elementor-element-31c4eb6\" data-id=\"31c4eb6\" data-element_type=\"column\" data-e-type=\"column\">\n\t\t\t<div class=\"elementor-widget-wrap elementor-element-populated\">\n\t\t\t\t\t\t<div class=\"elementor-element elementor-element-8756887 elementor-widget elementor-widget-text-editor\" data-id=\"8756887\" data-element_type=\"widget\" data-e-type=\"widget\" data-widget_type=\"text-editor.default\">\n\t\t\t\t<div class=\"elementor-widget-container\">\n\t\t\t\t\t\t\t\t\t<p>Alle Systeme entsprechen ATP 16(d) und UK DEFSTAN 07-279. Schl\u00e4uche entsprechen MIL-H-22240,  DEFSTAN 22-94 und VG95955. Betankungsausr\u00fcstung und Schl\u00e4uche k\u00f6nnen gem\u00e4\u00df einer Vielzahl von Marine Standards geliefert werden.<\/p><p>Alle Systeme k\u00f6nnen durch eine Klassifikationsgesellschaft (DNV, Lloyds, etc.) zugelassen werden.<\/p>\t\t\t\t\t\t\t\t<\/div>\n\t\t\t\t<\/div>\n\t\t\t\t\t<\/div>\n\t\t<\/div>\n\t\t\t\t\t<\/div>\n\t\t<\/section>\n\t\t\t\t\t<\/div>\n\t\t<\/div>\n\t\t\t\t\t<\/div>\n\t\t<\/section>\n\t\t\t\t<section class=\"elementor-section elementor-top-section elementor-element elementor-element-d561c55 elementor-section-stretched elementor-section-boxed elementor-section-height-default elementor-section-height-default\" data-id=\"d561c55\" data-element_type=\"section\" data-e-type=\"section\" data-settings=\"{&quot;stretch_section&quot;:&quot;section-stretched&quot;,&quot;background_background&quot;:&quot;classic&quot;}\">\n\t\t\t\t\t\t<div class=\"elementor-container elementor-column-gap-wider\">\n\t\t\t\t\t<div class=\"elementor-column elementor-col-100 elementor-top-column elementor-element elementor-element-ccc5c42\" data-id=\"ccc5c42\" data-element_type=\"column\" data-e-type=\"column\">\n\t\t\t<div class=\"elementor-widget-wrap\">\n\t\t\t\t\t\t\t<\/div>\n\t\t<\/div>\n\t\t\t\t\t<\/div>\n\t\t<\/section>\n\t\t\t\t<\/div>","protected":false},"excerpt":{"rendered":"<p>RAS\/FAS Systems\u00a0 We deliver the complete transfer device for supply at sea (RAS &amp; FAS) according to relevant NATO standards. Our range includes: Fueling Connections Hoses<span class=\"excerpt-hellip\"> [\u2026]<\/span><\/p>\n","protected":false},"author":1,"featured_media":0,"parent":0,"menu_order":0,"comment_status":"closed","ping_status":"closed","template":"","meta":{"om_disable_all_campaigns":false,"_monsterinsights_skip_tracking":false,"_monsterinsights_sitenote_active":false,"_monsterinsights_sitenote_note":"","_monsterinsights_sitenote_category":0,"_uf_show_specific_survey":0,"_uf_disable_surveys":false,"footnotes":""},"class_list":["post-596","page","type-page","status-publish","hentry"],"aioseo_notices":[],"_links":{"self":[{"href":"https:\/\/www.liro.tech\/de\/wp-json\/wp\/v2\/pages\/596","targetHints":{"allow":["GET"]}}],"collection":[{"href":"https:\/\/www.liro.tech\/de\/wp-json\/wp\/v2\/pages"}],"about":[{"href":"https:\/\/www.liro.tech\/de\/wp-json\/wp\/v2\/types\/page"}],"author":[{"embeddable":true,"href":"https:\/\/www.liro.tech\/de\/wp-json\/wp\/v2\/users\/1"}],"replies":[{"embeddable":true,"href":"https:\/\/www.liro.tech\/de\/wp-json\/wp\/v2\/comments?post=596"}],"version-history":[{"count":94,"href":"https:\/\/www.liro.tech\/de\/wp-json\/wp\/v2\/pages\/596\/revisions"}],"predecessor-version":[{"id":2681,"href":"https:\/\/www.liro.tech\/de\/wp-json\/wp\/v2\/pages\/596\/revisions\/2681"}],"wp:attachment":[{"href":"https:\/\/www.liro.tech\/de\/wp-json\/wp\/v2\/media?parent=596"}],"curies":[{"name":"wp","href":"https:\/\/api.w.org\/{rel}","templated":true}]}}